{"id":11,"date":"2020-11-06T20:17:37","date_gmt":"2020-11-06T20:17:37","guid":{"rendered":"http:\/\/www.cabezadeleon.net\/?page_id=11"},"modified":"2021-11-13T09:23:18","modified_gmt":"2021-11-13T09:23:18","slug":"no-te-conformes","status":"publish","type":"page","link":"https:\/\/www.cabezadeleon.net\/","title":{"rendered":""},"content":{"rendered":"\n<h1 class=\"has-luminous-vivid-amber-color has-text-color\"><strong>\u00abCabeza de Le\u00f3n\u00bb<\/strong><\/h1>\n\n\n\n<p>Mientras busco las claves para encontrar la mejor versi\u00f3n de m\u00ed, es posible que alguna de las experiencias vividas, tambi\u00e9n resuenen en ti. As\u00ed, este blog tratar\u00e1 de poner a tu disposici\u00f3n herramientas para que, tras decidir que son buenas para ti, sirvan para la continua b\u00fasqueda de tu propia cabeza de Le\u00f3n.<\/p>\n\n\n\n<p><\/p>\n","protected":false},"excerpt":{"rendered":"<p>\u00abCabeza de Le\u00f3n\u00bb Mientras busco las claves para encontrar la mejor versi\u00f3n de m\u00ed, es posible que alguna de las experiencias vividas, tambi\u00e9n resuenen en ti. As\u00ed, este blog tratar\u00e1 de poner a tu disposici\u00f3n herramientas para que, tras decidir que son buenas para ti, sirvan para la continua b\u00fasqueda de tu propia cabeza de &hellip; <\/p>\n<p class=\"link-more\"><a href=\"https:\/\/www.cabezadeleon.net\/\" class=\"more-link\">Continuar leyendo<span class=\"screen-reader-text\"> \u00ab\u00bb<\/span><\/a><\/p>\n","protected":false},"author":1,"featured_media":0,"parent":0,"menu_order":0,"comment_status":"closed","ping_status":"closed","template":"","meta":[],"_links":{"self":[{"href":"https:\/\/www.cabezadeleon.net\/index.php\/wp-json\/wp\/v2\/pages\/11"}],"collection":[{"href":"https:\/\/www.cabezadeleon.net\/index.php\/wp-json\/wp\/v2\/pages"}],"about":[{"href":"https:\/\/www.cabezadeleon.net\/index.php\/wp-json\/wp\/v2\/types\/page"}],"author":[{"embeddable":true,"href":"https:\/\/www.cabezadeleon.net\/index.php\/wp-json\/wp\/v2\/users\/1"}],"replies":[{"embeddable":true,"href":"https:\/\/www.cabezadeleon.net\/index.php\/wp-json\/wp\/v2\/comments?post=11"}],"version-history":[{"count":13,"href":"https:\/\/www.cabezadeleon.net\/index.php\/wp-json\/wp\/v2\/pages\/11\/revisions"}],"predecessor-version":[{"id":81,"href":"https:\/\/www.cabezadeleon.net\/index.php\/wp-json\/wp\/v2\/pages\/11\/revisions\/81"}],"wp:attachment":[{"href":"https:\/\/www.cabezadeleon.net\/index.php\/wp-json\/wp\/v2\/media?parent=11"}],"curies":[{"name":"wp","href":"https:\/\/api.w.org\/{rel}","templated":true}]}}